{"id":16,"date":"2023-09-27T19:21:36","date_gmt":"2023-09-27T17:21:36","guid":{"rendered":"https:\/\/riserooted.nl\/?page_id=16"},"modified":"2025-07-01T09:49:47","modified_gmt":"2025-07-01T07:49:47","slug":"contact","status":"publish","type":"page","link":"https:\/\/riserooted.nl\/de\/contact\/","title":{"rendered":"Kontakt"},"content":{"rendered":"<div data-elementor-type=\"wp-page\" data-elementor-id=\"16\" class=\"elementor elementor-16\">\n\t\t\t\t<div class=\"elementor-element elementor-element-8a774ff e-con-full e-flex e-con e-parent\" data-id=\"8a774ff\" data-element_type=\"container\" data-e-type=\"container\" data-settings=\"{&quot;background_background&quot;:&quot;classic&quot;,&quot;shape_divider_bottom&quot;:&quot;waves&quot;}\">\n\t\t\t\t<div class=\"elementor-shape elementor-shape-bottom\" aria-hidden=\"true\" data-negative=\"false\">\n\t\t\t<svg xmlns=\"http:\/\/www.w3.org\/2000\/svg\" viewbox=\"0 0 1000 100\" preserveaspectratio=\"none\">\n\t<path class=\"elementor-shape-fill\" d=\"M421.9,6.5c22.6-2.5,51.5,0.4,75.5,5.3c23.6,4.9,70.9,23.5,100.5,35.7c75.8,32.2,133.7,44.5,192.6,49.7\tc23.6,2.1,48.7,3.5,103.4-2.5c54.7-6,106.2-25.6,106.2-25.6V0H0v30.3c0,0,72,32.6,158.4,30.5c39.2-0.7,92.8-6.7,134-22.4\tc21.2-8.1,52.2-18.2,79.7-24.2C399.3,7.9,411.6,7.5,421.9,6.5z\"\/>\n<\/svg>\t\t<\/div>\n\t\t<div class=\"elementor-element elementor-element-8cfcf0e e-con-full e-flex e-con e-child\" data-id=\"8cfcf0e\" data-element_type=\"container\" data-e-type=\"container\" data-settings=\"{&quot;background_background&quot;:&quot;classic&quot;}\">\n\t\t\t\t<div class=\"elementor-element elementor-element-3338a44 elementor-widget elementor-widget-heading\" data-id=\"3338a44\" data-element_type=\"widget\" data-e-type=\"widget\" data-widget_type=\"heading.default\">\n\t\t\t\t<div class=\"elementor-widget-container\">\n\t\t\t\t\t<h2 class=\"elementor-heading-title elementor-size-default\">Kontakt<\/h2>\t\t\t\t<\/div>\n\t\t\t\t<\/div>\n\t\t\t\t<\/div>\n\t\t\t\t<\/div>\n\t\t<div class=\"elementor-element elementor-element-8f726b7 e-flex e-con-boxed e-con e-parent\" data-id=\"8f726b7\" data-element_type=\"container\" data-e-type=\"container\">\n\t\t\t\t\t<div class=\"e-con-inner\">\n\t\t<div class=\"elementor-element elementor-element-a27ae23 e-flex e-con-boxed e-con e-child\" data-id=\"a27ae23\" data-element_type=\"container\" data-e-type=\"container\">\n\t\t\t\t\t<div class=\"e-con-inner\">\n\t\t\t\t<div class=\"elementor-element elementor-element-de97a4b elementor-widget elementor-widget-heading\" data-id=\"de97a4b\" data-element_type=\"widget\" data-e-type=\"widget\" data-widget_type=\"heading.default\">\n\t\t\t\t<div class=\"elementor-widget-container\">\n\t\t\t\t\t<h2 class=\"elementor-heading-title elementor-size-default\">Kontaktdaten<\/h2>\t\t\t\t<\/div>\n\t\t\t\t<\/div>\n\t\t\t\t<div class=\"elementor-element elementor-element-75ea705 elementor-widget elementor-widget-text-editor\" data-id=\"75ea705\" data-element_type=\"widget\" data-e-type=\"widget\" data-widget_type=\"text-editor.default\">\n\t\t\t\t<div class=\"elementor-widget-container\">\n\t\t\t\t\t\t\t\t\t<p>Miriam Terbon\u00dfen<\/p><p><span style=\"font-size: inherit; text-align: inherit; color: var( --e-global-color-blocksy_palette_3 ); background-color: var(--palettecolor7); font-family: var(--fontFamily); font-style: var(--fontStyle, inherit); font-weight: var(--fontWeight); letter-spacing: var(--letterSpacing); text-transform: var(--textTransform);\">Moesstraat 20<\/span><\/p><p>9717JT Groningen<\/p>\t\t\t\t\t\t\t\t<\/div>\n\t\t\t\t<\/div>\n\t\t\t\t<div class=\"elementor-element elementor-element-3ffd191 elementor-tablet-align-center elementor-icon-list--layout-traditional elementor-list-item-link-full_width elementor-widget elementor-widget-icon-list\" data-id=\"3ffd191\" data-element_type=\"widget\" data-e-type=\"widget\" data-widget_type=\"icon-list.default\">\n\t\t\t\t<div class=\"elementor-widget-container\">\n\t\t\t\t\t\t\t<ul class=\"elementor-icon-list-items\">\n\t\t\t\t\t\t\t<li class=\"elementor-icon-list-item\">\n\t\t\t\t\t\t\t\t\t\t\t<span class=\"elementor-icon-list-icon\">\n\t\t\t\t\t\t\t<i aria-hidden=\"true\" class=\"fas fa-phone-alt\"><\/i>\t\t\t\t\t\t<\/span>\n\t\t\t\t\t\t\t\t\t\t<span class=\"elementor-icon-list-text\">+31 642179693<\/span>\n\t\t\t\t\t\t\t\t\t<\/li>\n\t\t\t\t\t\t\t\t<li class=\"elementor-icon-list-item\">\n\t\t\t\t\t\t\t\t\t\t\t<span class=\"elementor-icon-list-icon\">\n\t\t\t\t\t\t\t<i aria-hidden=\"true\" class=\"fas fa-envelope\"><\/i>\t\t\t\t\t\t<\/span>\n\t\t\t\t\t\t\t\t\t\t<span class=\"elementor-icon-list-text\">info@riserooted.nl<\/span>\n\t\t\t\t\t\t\t\t\t<\/li>\n\t\t\t\t\t\t<\/ul>\n\t\t\t\t\t\t<\/div>\n\t\t\t\t<\/div>\n\t\t\t\t<div class=\"elementor-element elementor-element-acc1032 elementor-widget elementor-widget-text-editor\" data-id=\"acc1032\" data-element_type=\"widget\" data-e-type=\"widget\" data-widget_type=\"text-editor.default\">\n\t\t\t\t<div class=\"elementor-widget-container\">\n\t\t\t\t\t\t\t\t\t<p>KvK-nummer: 76555569<\/p><p>Iban: NL73ASNB8843939637<\/p>\t\t\t\t\t\t\t\t<\/div>\n\t\t\t\t<\/div>\n\t\t\t\t<div class=\"elementor-element elementor-element-c8d2856 elementor-widget elementor-widget-google_maps\" data-id=\"c8d2856\" data-element_type=\"widget\" data-e-type=\"widget\" data-widget_type=\"google_maps.default\">\n\t\t\t\t<div class=\"elementor-widget-container\">\n\t\t\t\t\t\t\t<div class=\"elementor-custom-embed\">\n\t\t\t<iframe loading=\"lazy\"\n\t\t\t\t\tsrc=\"https:\/\/maps.google.com\/maps?q=Moesstraat%2020&#038;t=m&#038;z=13&#038;output=embed&#038;iwloc=near\"\n\t\t\t\t\ttitle=\"Moesstraat 20\"\n\t\t\t\t\taria-label=\"Moesstraat 20\"\n\t\t\t><\/iframe>\n\t\t<\/div>\n\t\t\t\t\t\t<\/div>\n\t\t\t\t<\/div>\n\t\t\t\t\t<\/div>\n\t\t\t\t<\/div>\n\t\t<div class=\"elementor-element elementor-element-30de5bc e-flex e-con-boxed elementor-invisible e-con e-child\" data-id=\"30de5bc\" data-element_type=\"container\" data-e-type=\"container\" data-settings=\"{&quot;background_background&quot;:&quot;classic&quot;,&quot;animation&quot;:&quot;fadeInUp&quot;}\">\n\t\t\t\t\t<div class=\"e-con-inner\">\n\t\t\t\t<div class=\"elementor-element elementor-element-5a034e5 elementor-widget elementor-widget-heading\" data-id=\"5a034e5\" data-element_type=\"widget\" data-e-type=\"widget\" data-widget_type=\"heading.default\">\n\t\t\t\t<div class=\"elementor-widget-container\">\n\t\t\t\t\t<h2 class=\"elementor-heading-title elementor-size-default\">Praxis wegen Mutterschaftsurlaubs vor\u00fcbergehend geschlossen<\/h2>\t\t\t\t<\/div>\n\t\t\t\t<\/div>\n\t\t\t\t<div class=\"elementor-element elementor-element-635ab28 elementor-widget elementor-widget-heading\" data-id=\"635ab28\" data-element_type=\"widget\" data-e-type=\"widget\" data-widget_type=\"heading.default\">\n\t\t\t\t<div class=\"elementor-widget-container\">\n\t\t\t\t\t<h2 class=\"elementor-heading-title elementor-size-default\">Nimm Kontakt auf<\/h2>\t\t\t\t<\/div>\n\t\t\t\t<\/div>\n\t\t\t\t<div class=\"elementor-element elementor-element-c9d4362 elementor-widget elementor-widget-text-editor\" data-id=\"c9d4362\" data-element_type=\"widget\" data-e-type=\"widget\" data-widget_type=\"text-editor.default\">\n\t\t\t\t<div class=\"elementor-widget-container\">\n\t\t\t\t\t\t\t\t\t<p>M\u00f6chtest du ein kostenloses Kennenlern-Gespr\u00e4ch mit mir f\u00fchren, hast du eine Frage, m\u00f6chtest du mehr praktische Informationen oder m\u00f6chtest du gemeinsam mit mir \u00fcberlegen, was zu dir passt? Ruf mich gerne an, schicke mir eine E-Mail oder f\u00fclle dieses  Kontaktformular aus.&nbsp;<\/p>\n<p><em>Leider kommt es \u00f6fter vor, dass meine R\u00fcckmeldungen im Spamordner landen. Behalte diesen nach Kontaktaufnahme bitte mit im Auge.<\/em><\/p>\n<p>Ich freue mich, von dir zu lesen\/h\u00f6ren!<\/p>\t\t\t\t\t\t\t\t<\/div>\n\t\t\t\t<\/div>\n\t\t\t\t<div class=\"elementor-element elementor-element-2d86986 elementor-widget elementor-widget-text-editor\" data-id=\"2d86986\" data-element_type=\"widget\" data-e-type=\"widget\" data-widget_type=\"text-editor.default\">\n\t\t\t\t<div class=\"elementor-widget-container\">\n\t\t\t\t\t\t\t\t\t<p>\n<div class=\"wpcf7 no-js\" id=\"wpcf7-f1343-o1\" lang=\"nl-NL\" dir=\"ltr\" data-wpcf7-id=\"1343\">\n<div class=\"screen-reader-response\"><p role=\"status\" aria-live=\"polite\" aria-atomic=\"true\"><\/p> <ul><\/ul><\/div>\n<form action=\"\/de\/wp-json\/wp\/v2\/pages\/16#wpcf7-f1343-o1\" method=\"post\" class=\"wpcf7-form init\" aria-label=\"Contactformulier\" novalidate=\"novalidate\" data-status=\"init\" data-trp-original-action=\"\/de\/wp-json\/wp\/v2\/pages\/16#wpcf7-f1343-o1\">\n<fieldset class=\"hidden-fields-container\"><input type=\"hidden\" name=\"_wpcf7\" value=\"1343\" \/><input type=\"hidden\" name=\"_wpcf7_version\" value=\"6.1.5\" \/><input type=\"hidden\" name=\"_wpcf7_locale\" value=\"nl_NL\" \/><input type=\"hidden\" name=\"_wpcf7_unit_tag\" value=\"wpcf7-f1343-o1\" \/><input type=\"hidden\" name=\"_wpcf7_container_post\" value=\"0\" \/><input type=\"hidden\" name=\"_wpcf7_posted_data_hash\" value=\"\" \/><input type=\"hidden\" name=\"_wpcf7_recaptcha_response\" value=\"\" \/>\n<\/fieldset>\n<p><label> Dein Name*<br \/>\n<span class=\"wpcf7-form-control-wrap\" data-name=\"your-name\"><input size=\"40\" maxlength=\"400\" class=\"wpcf7-form-control wpcf7-text wpcf7-validates-as-required\" autocomplete=\"name\" aria-required=\"true\" aria-invalid=\"false\" value=\"\" type=\"text\" name=\"your-name\" \/><\/span> <\/label>\n<\/p>\n<p><label> Deine E-mailadresse*<br \/>\n<span class=\"wpcf7-form-control-wrap\" data-name=\"your-email\"><input size=\"40\" maxlength=\"400\" class=\"wpcf7-form-control wpcf7-email wpcf7-validates-as-required wpcf7-text wpcf7-validates-as-email\" autocomplete=\"email\" aria-required=\"true\" aria-invalid=\"false\" value=\"\" type=\"email\" name=\"your-email\" \/><\/span> <\/label>\n<\/p>\n<p><label> Betreff*<br \/>\n<span class=\"wpcf7-form-control-wrap\" data-name=\"your-subject\"><input size=\"40\" maxlength=\"400\" class=\"wpcf7-form-control wpcf7-text wpcf7-validates-as-required\" aria-required=\"true\" aria-invalid=\"false\" value=\"\" type=\"text\" name=\"your-subject\" \/><\/span> <\/label>\n<\/p>\n<p><label> Dein Bericht (optionell)<br \/>\n<span class=\"wpcf7-form-control-wrap\" data-name=\"your-message\"><textarea cols=\"40\" rows=\"10\" maxlength=\"2000\" class=\"wpcf7-form-control wpcf7-textarea\" aria-invalid=\"false\" name=\"your-message\"><\/textarea><\/span> <\/label>\n<\/p>\n<p><input class=\"wpcf7-form-control wpcf7-submit has-spinner\" type=\"submit\" value=\"Versenden\" \/>\n<\/p><div class=\"wpcf7-response-output\" aria-hidden=\"true\"><\/div>\n<input type=\"hidden\" name=\"trp-form-language\" value=\"de\"\/><\/form>\n<\/div>\n<\/p>\t\t\t\t\t\t\t\t<\/div>\n\t\t\t\t<\/div>\n\t\t\t\t\t<\/div>\n\t\t\t\t<\/div>\n\t\t\t\t\t<\/div>\n\t\t\t\t<\/div>\n\t\t\t\t<\/div>","protected":false},"excerpt":{"rendered":"<p>CONTACT Contactgegevens Miriam Terbon\u00dfen Moesstraat 20 9717JT Groningen +31 642179693 info@riserooted.nl KvK-nummer: 76555569 Iban: NL73ASNB8843939637 Praktijk tijdelijk gesloten i.v.m. zwangerschapsverlof Neem gerust contact op Wil je graag gratis kennismaken, heb je een vraag, wil je meer informatie of vind je het fijn dat ik even met jou meedenk wat passend is voor jou? Neem dan [&hellip;]<\/p>\n","protected":false},"author":1,"featured_media":0,"parent":0,"menu_order":0,"comment_status":"closed","ping_status":"closed","template":"elementor_header_footer","meta":{"footnotes":""},"class_list":["post-16","page","type-page","status-publish","hentry"],"blocksy_meta":[],"yoast_head":"<!-- This site is optimized with the Yoast SEO plugin v27.4 - https:\/\/yoast.com\/product\/yoast-seo-wordpress\/ -->\n<title>Praktijk Rise Rooted | Neem Contact Op<\/title>\n<meta name=\"description\" content=\"Wil je graag gratis kennismaken, heb je een vraag, of vind je het fijn dat ik met jou meedenk wat passend is voor jou? Neem dan contact op met Praktijk Rise Rooted.\" \/>\n<meta name=\"robots\" content=\"index, follow, max-snippet:-1, max-image-preview:large, max-video-preview:-1\" \/>\n<link rel=\"canonical\" href=\"https:\/\/riserooted.nl\/de\/contact\/\" \/>\n<meta property=\"og:locale\" content=\"de_DE\" \/>\n<meta property=\"og:type\" content=\"article\" \/>\n<meta property=\"og:title\" content=\"Praktijk Rise Rooted | Neem Contact Op\" \/>\n<meta property=\"og:description\" content=\"Wil je graag gratis kennismaken, heb je een vraag, of vind je het fijn dat ik met jou meedenk wat passend is voor jou? Neem dan contact op met Praktijk Rise Rooted.\" \/>\n<meta property=\"og:url\" content=\"https:\/\/riserooted.nl\/de\/contact\/\" \/>\n<meta property=\"og:site_name\" content=\"Rise Rooted - Lichaamsgerichte Therapie Groningen\" \/>\n<meta property=\"article:publisher\" content=\"https:\/\/www.facebook.com\/profile.php?id=61555201061704\" \/>\n<meta property=\"article:modified_time\" content=\"2025-07-01T07:49:47+00:00\" \/>\n<meta property=\"og:image\" content=\"https:\/\/riserooted.nl\/wp-content\/uploads\/2023\/10\/442a4638-fa48-4e5b-bafd-9e5393ec30db-scaled.jpg\" \/>\n\t<meta property=\"og:image:width\" content=\"2560\" \/>\n\t<meta property=\"og:image:height\" content=\"1705\" \/>\n\t<meta property=\"og:image:type\" content=\"image\/jpeg\" \/>\n<meta name=\"twitter:card\" content=\"summary_large_image\" \/>\n<meta name=\"twitter:label1\" content=\"Gesch\u00e4tzte Lesezeit\" \/>\n\t<meta name=\"twitter:data1\" content=\"1\u00a0Minute\" \/>\n<script type=\"application\/ld+json\" class=\"yoast-schema-graph\">{\"@context\":\"https:\\\/\\\/schema.org\",\"@graph\":[{\"@type\":\"WebPage\",\"@id\":\"https:\\\/\\\/riserooted.nl\\\/contact\\\/\",\"url\":\"https:\\\/\\\/riserooted.nl\\\/contact\\\/\",\"name\":\"Praktijk Rise Rooted | Neem Contact Op\",\"isPartOf\":{\"@id\":\"https:\\\/\\\/riserooted.nl\\\/#website\"},\"datePublished\":\"2023-09-27T17:21:36+00:00\",\"dateModified\":\"2025-07-01T07:49:47+00:00\",\"description\":\"Wil je graag gratis kennismaken, heb je een vraag, of vind je het fijn dat ik met jou meedenk wat passend is voor jou? Neem dan contact op met Praktijk Rise Rooted.\",\"breadcrumb\":{\"@id\":\"https:\\\/\\\/riserooted.nl\\\/contact\\\/#breadcrumb\"},\"inLanguage\":\"de\",\"potentialAction\":[{\"@type\":\"ReadAction\",\"target\":[\"https:\\\/\\\/riserooted.nl\\\/contact\\\/\"]}]},{\"@type\":\"BreadcrumbList\",\"@id\":\"https:\\\/\\\/riserooted.nl\\\/contact\\\/#breadcrumb\",\"itemListElement\":[{\"@type\":\"ListItem\",\"position\":1,\"name\":\"Home\",\"item\":\"https:\\\/\\\/riserooted.nl\\\/\"},{\"@type\":\"ListItem\",\"position\":2,\"name\":\"Contact\"}]},{\"@type\":\"WebSite\",\"@id\":\"https:\\\/\\\/riserooted.nl\\\/#website\",\"url\":\"https:\\\/\\\/riserooted.nl\\\/\",\"name\":\"Rise Rooted\",\"description\":\"Thuiskomen In Je Lichaam\",\"publisher\":{\"@id\":\"https:\\\/\\\/riserooted.nl\\\/#organization\"},\"potentialAction\":[{\"@type\":\"SearchAction\",\"target\":{\"@type\":\"EntryPoint\",\"urlTemplate\":\"https:\\\/\\\/riserooted.nl\\\/?s={search_term_string}\"},\"query-input\":{\"@type\":\"PropertyValueSpecification\",\"valueRequired\":true,\"valueName\":\"search_term_string\"}}],\"inLanguage\":\"de\"},{\"@type\":\"Organization\",\"@id\":\"https:\\\/\\\/riserooted.nl\\\/#organization\",\"name\":\"Praktijk Rise Rooted\",\"url\":\"https:\\\/\\\/riserooted.nl\\\/\",\"logo\":{\"@type\":\"ImageObject\",\"inLanguage\":\"de\",\"@id\":\"https:\\\/\\\/riserooted.nl\\\/#\\\/schema\\\/logo\\\/image\\\/\",\"url\":\"https:\\\/\\\/riserooted.nl\\\/wp-content\\\/uploads\\\/2024\\\/01\\\/logo-nl.png\",\"contentUrl\":\"https:\\\/\\\/riserooted.nl\\\/wp-content\\\/uploads\\\/2024\\\/01\\\/logo-nl.png\",\"width\":1396,\"height\":1126,\"caption\":\"Praktijk Rise Rooted\"},\"image\":{\"@id\":\"https:\\\/\\\/riserooted.nl\\\/#\\\/schema\\\/logo\\\/image\\\/\"},\"sameAs\":[\"https:\\\/\\\/www.facebook.com\\\/profile.php?id=61555201061704\",\"https:\\\/\\\/www.linkedin.com\\\/in\\\/miriam-terbonssen-04b556217\\\/\",\"https:\\\/\\\/www.instagram.com\\\/riserooted.nl\\\/\"]}]}<\/script>\n<!-- \/ Yoast SEO plugin. -->","yoast_head_json":{"title":"Praktijk Rise Rooted | Neem Contact Op","description":"Wil je graag gratis kennismaken, heb je een vraag, of vind je het fijn dat ik met jou meedenk wat passend is voor jou? Neem dan contact op met Praktijk Rise Rooted.","robots":{"index":"index","follow":"follow","max-snippet":"max-snippet:-1","max-image-preview":"max-image-preview:large","max-video-preview":"max-video-preview:-1"},"canonical":"https:\/\/riserooted.nl\/de\/contact\/","og_locale":"de_DE","og_type":"article","og_title":"Praktijk Rise Rooted | Neem Contact Op","og_description":"Wil je graag gratis kennismaken, heb je een vraag, of vind je het fijn dat ik met jou meedenk wat passend is voor jou? Neem dan contact op met Praktijk Rise Rooted.","og_url":"https:\/\/riserooted.nl\/de\/contact\/","og_site_name":"Rise Rooted - Lichaamsgerichte Therapie Groningen","article_publisher":"https:\/\/www.facebook.com\/profile.php?id=61555201061704","article_modified_time":"2025-07-01T07:49:47+00:00","og_image":[{"width":2560,"height":1705,"url":"https:\/\/riserooted.nl\/wp-content\/uploads\/2023\/10\/442a4638-fa48-4e5b-bafd-9e5393ec30db-scaled.jpg","type":"image\/jpeg"}],"twitter_card":"summary_large_image","twitter_misc":{"Gesch\u00e4tzte Lesezeit":"1\u00a0Minute"},"schema":{"@context":"https:\/\/schema.org","@graph":[{"@type":"WebPage","@id":"https:\/\/riserooted.nl\/contact\/","url":"https:\/\/riserooted.nl\/contact\/","name":"Praktijk Rise Rooted | Neem Contact Op","isPartOf":{"@id":"https:\/\/riserooted.nl\/#website"},"datePublished":"2023-09-27T17:21:36+00:00","dateModified":"2025-07-01T07:49:47+00:00","description":"Wil je graag gratis kennismaken, heb je een vraag, of vind je het fijn dat ik met jou meedenk wat passend is voor jou? Neem dan contact op met Praktijk Rise Rooted.","breadcrumb":{"@id":"https:\/\/riserooted.nl\/contact\/#breadcrumb"},"inLanguage":"de","potentialAction":[{"@type":"ReadAction","target":["https:\/\/riserooted.nl\/contact\/"]}]},{"@type":"BreadcrumbList","@id":"https:\/\/riserooted.nl\/contact\/#breadcrumb","itemListElement":[{"@type":"ListItem","position":1,"name":"Home","item":"https:\/\/riserooted.nl\/"},{"@type":"ListItem","position":2,"name":"Contact"}]},{"@type":"WebSite","@id":"https:\/\/riserooted.nl\/#website","url":"https:\/\/riserooted.nl\/","name":"Rise Rooted","description":"Thuiskomen In Je Lichaam","publisher":{"@id":"https:\/\/riserooted.nl\/#organization"},"potentialAction":[{"@type":"SearchAction","target":{"@type":"EntryPoint","urlTemplate":"https:\/\/riserooted.nl\/?s={search_term_string}"},"query-input":{"@type":"PropertyValueSpecification","valueRequired":true,"valueName":"search_term_string"}}],"inLanguage":"de"},{"@type":"Organization","@id":"https:\/\/riserooted.nl\/#organization","name":"Praktijk Rise Rooted","url":"https:\/\/riserooted.nl\/","logo":{"@type":"ImageObject","inLanguage":"de","@id":"https:\/\/riserooted.nl\/#\/schema\/logo\/image\/","url":"https:\/\/riserooted.nl\/wp-content\/uploads\/2024\/01\/logo-nl.png","contentUrl":"https:\/\/riserooted.nl\/wp-content\/uploads\/2024\/01\/logo-nl.png","width":1396,"height":1126,"caption":"Praktijk Rise Rooted"},"image":{"@id":"https:\/\/riserooted.nl\/#\/schema\/logo\/image\/"},"sameAs":["https:\/\/www.facebook.com\/profile.php?id=61555201061704","https:\/\/www.linkedin.com\/in\/miriam-terbonssen-04b556217\/","https:\/\/www.instagram.com\/riserooted.nl\/"]}]}},"_links":{"self":[{"href":"https:\/\/riserooted.nl\/de\/wp-json\/wp\/v2\/pages\/16","targetHints":{"allow":["GET"]}}],"collection":[{"href":"https:\/\/riserooted.nl\/de\/wp-json\/wp\/v2\/pages"}],"about":[{"href":"https:\/\/riserooted.nl\/de\/wp-json\/wp\/v2\/types\/page"}],"author":[{"embeddable":true,"href":"https:\/\/riserooted.nl\/de\/wp-json\/wp\/v2\/users\/1"}],"replies":[{"embeddable":true,"href":"https:\/\/riserooted.nl\/de\/wp-json\/wp\/v2\/comments?post=16"}],"version-history":[{"count":265,"href":"https:\/\/riserooted.nl\/de\/wp-json\/wp\/v2\/pages\/16\/revisions"}],"predecessor-version":[{"id":5099,"href":"https:\/\/riserooted.nl\/de\/wp-json\/wp\/v2\/pages\/16\/revisions\/5099"}],"wp:attachment":[{"href":"https:\/\/riserooted.nl\/de\/wp-json\/wp\/v2\/media?parent=16"}],"curies":[{"name":"wp","href":"https:\/\/api.w.org\/{rel}","templated":true}]}}