{"id":4371,"date":"2023-12-10T09:57:07","date_gmt":"2023-12-10T08:57:07","guid":{"rendered":"https:\/\/riserooted.nl\/?page_id=4371"},"modified":"2024-01-24T09:23:11","modified_gmt":"2024-01-24T08:23:11","slug":"disclaimer","status":"publish","type":"page","link":"https:\/\/riserooted.nl\/de\/disclaimer\/","title":{"rendered":"Haftungsausschluss"},"content":{"rendered":"<div data-elementor-type=\"wp-page\" data-elementor-id=\"4371\" class=\"elementor elementor-4371\">\n\t\t\t\t<div class=\"elementor-element elementor-element-f7a3ca9 e-flex e-con-boxed e-con e-parent\" data-id=\"f7a3ca9\" data-element_type=\"container\" data-e-type=\"container\">\n\t\t\t\t\t<div class=\"e-con-inner\">\n\t\t\t\t<div class=\"elementor-element elementor-element-e6ba2cc elementor-widget elementor-widget-heading\" data-id=\"e6ba2cc\" data-element_type=\"widget\" data-e-type=\"widget\" data-widget_type=\"heading.default\">\n\t\t\t\t<div class=\"elementor-widget-container\">\n\t\t\t\t\t<h2 class=\"elementor-heading-title elementor-size-default\">Haftungsausschluss<\/h2>\t\t\t\t<\/div>\n\t\t\t\t<\/div>\n\t\t\t\t<div class=\"elementor-element elementor-element-b2597c6 elementor-widget elementor-widget-text-editor\" data-id=\"b2597c6\" data-element_type=\"widget\" data-e-type=\"widget\" data-widget_type=\"text-editor.default\">\n\t\t\t\t<div class=\"elementor-widget-container\">\n\t\t\t\t\t\t\t\t\t<p>Miriam Terbon\u00dfen, eingetragen bei der Handelskammer Groningen unter der KvK-Nummer 76555569, ist verantwortlich f\u00fcr den Inhalt der Website www.riserooted.nl.<\/p>\n<p>Die Weitergabe, Vervielf\u00e4ltigung oder Speicherung (von Teilen) des Inhalts ist ohne schriftliche Genehmigung nicht gestattet. Diese Erlaubnis ist f\u00fcr den pers\u00f6nlichen, nicht-kommerziellen Gebrauch nicht erforderlich.<\/p>\n<p>Durch die Nutzung der Informationen auf dieser Website erkl\u00e4ren Sie Ihr Einverst\u00e4ndnis mit den nachstehenden Bedingungen.<\/p>\t\t\t\t\t\t\t\t<\/div>\n\t\t\t\t<\/div>\n\t\t\t\t<div class=\"elementor-element elementor-element-df2985b elementor-widget elementor-widget-heading\" data-id=\"df2985b\" data-element_type=\"widget\" data-e-type=\"widget\" data-widget_type=\"heading.default\">\n\t\t\t\t<div class=\"elementor-widget-container\">\n\t\t\t\t\t<h2 class=\"elementor-heading-title elementor-size-default\">Beschr\u00e4nkte Haftung<\/h2>\t\t\t\t<\/div>\n\t\t\t\t<\/div>\n\t\t\t\t<div class=\"elementor-element elementor-element-eb0763e elementor-widget elementor-widget-text-editor\" data-id=\"eb0763e\" data-element_type=\"widget\" data-e-type=\"widget\" data-widget_type=\"text-editor.default\">\n\t\t\t\t<div class=\"elementor-widget-container\">\n\t\t\t\t\t\t\t\t\t<p>Sie k\u00f6nnen aus den Daten auf dieser Website keine Rechte ableiten.<\/p><p>Miriam Terbon\u00dfen bem\u00fcht sich, den Inhalt von riserooted.nl so oft wie m\u00f6glich zu aktualisieren und\/oder zu erg\u00e4nzen. Trotz dieser Sorgfalt und Aufmerksamkeit kann der Inhalt nicht in allen F\u00e4llen vollst\u00e4ndig und\/oder korrekt sein.<\/p><p>Miriam Terbon\u00dfen haftet daher in keinem Fall f\u00fcr Sch\u00e4den oder Verletzungen, die sich aus der Nutzung der Informationen dieser Website ergeben oder daraus resultieren.\u00a0<\/p><p>Miriam Terbon\u00dfen haftet nicht f\u00fcr Informationen und\/oder Nachrichten, die von Nutzern der Website weitergeleitet oder ver\u00f6ffentlicht werden.<span style=\"font-size: inherit; text-align: inherit; background-color: var(--theme-palette-color-7); color: var(--theme-text-color); font-family: var(--theme-font-family); font-style: var(--theme-font-style, inherit); font-weight: var(--theme-font-weight); letter-spacing: var(--theme-letter-spacing); text-transform: var(--theme-text-transform);\">.<\/span><\/p><p>Miriam Terbon\u00dfen kann in keiner Weise f\u00fcr den Inhalt der ver\u00f6ffentlichten Informationen verantwortlich gemacht werden.<\/p>\t\t\t\t\t\t\t\t<\/div>\n\t\t\t\t<\/div>\n\t\t\t\t<div class=\"elementor-element elementor-element-0fcc5e5 elementor-widget elementor-widget-heading\" data-id=\"0fcc5e5\" data-element_type=\"widget\" data-e-type=\"widget\" data-widget_type=\"heading.default\">\n\t\t\t\t<div class=\"elementor-widget-container\">\n\t\t\t\t\t<h2 class=\"elementor-heading-title elementor-size-default\">Medizinische Diagnose<\/h2>\t\t\t\t<\/div>\n\t\t\t\t<\/div>\n\t\t\t\t<div class=\"elementor-element elementor-element-fb9b246 elementor-widget elementor-widget-text-editor\" data-id=\"fb9b246\" data-element_type=\"widget\" data-e-type=\"widget\" data-widget_type=\"text-editor.default\">\n\t\t\t\t<div class=\"elementor-widget-container\">\n\t\t\t\t\t\t\t\t\t<p>Diese Website ist nicht als Ersatz f\u00fcr eine \u00e4rztliche Diagnose gedacht, und den Lesern wird dringend empfohlen, ihren Arzt zu konsultieren, um spezifische Informationen \u00fcber ihre pers\u00f6nliche Gesundheitssituation zu erhalten.<\/p>\t\t\t\t\t\t\t\t<\/div>\n\t\t\t\t<\/div>\n\t\t\t\t<div class=\"elementor-element elementor-element-79a1f10 elementor-widget elementor-widget-heading\" data-id=\"79a1f10\" data-element_type=\"widget\" data-e-type=\"widget\" data-widget_type=\"heading.default\">\n\t\t\t\t<div class=\"elementor-widget-container\">\n\t\t\t\t\t<h2 class=\"elementor-heading-title elementor-size-default\">Fragen oder Beschwerden<\/h2>\t\t\t\t<\/div>\n\t\t\t\t<\/div>\n\t\t\t\t<div class=\"elementor-element elementor-element-fdd1eaa elementor-widget elementor-widget-text-editor\" data-id=\"fdd1eaa\" data-element_type=\"widget\" data-e-type=\"widget\" data-widget_type=\"text-editor.default\">\n\t\t\t\t<div class=\"elementor-widget-container\">\n\t\t\t\t\t\t\t\t\t<p>Haben Sie Fragen oder Beschwerden bez\u00fcglich dieses Haftungsausschlusses?<\/p><p><span style=\"background-color: var(--theme-palette-color-7); color: var(--theme-text-color); font-family: var(--theme-font-family); font-size: inherit; font-style: var(--theme-font-style, inherit); font-weight: var(--theme-font-weight); letter-spacing: var(--theme-letter-spacing); text-align: inherit; text-transform: var(--theme-text-transform);\">Diese k\u00f6nnen Sie senden an: info@riserooted.nl<\/span><\/p>\t\t\t\t\t\t\t\t<\/div>\n\t\t\t\t<\/div>\n\t\t\t\t\t<\/div>\n\t\t\t\t<\/div>\n\t\t\t\t<\/div>","protected":false},"excerpt":{"rendered":"<p>Disclaimer Miriam Terbon\u00dfen, ingeschreven bij de Kamer van Koophandel te Groningen onder KvK-nummer 76555569, is verantwoordelijk voor de inhoud van de website www.riserooted.nl. Het is niet toegestaan om (gedeelten) hiervan openbaar te maken, te kopi\u00ebren of op te slaan zonder schriftelijke toestemming. Voor persoonlijk, niet commercieel gebruik is deze toestemming niet nodig. Als je gebruik [&hellip;]<\/p>\n","protected":false},"author":1,"featured_media":0,"parent":0,"menu_order":0,"comment_status":"closed","ping_status":"closed","template":"elementor_header_footer","meta":{"footnotes":""},"class_list":["post-4371","page","type-page","status-publish","hentry"],"blocksy_meta":[],"yoast_head":"<!-- This site is optimized with the Yoast SEO plugin v27.4 - https:\/\/yoast.com\/product\/yoast-seo-wordpress\/ -->\n<title>Praktijk Rise Rooted | Disclaimer<\/title>\n<meta name=\"description\" content=\"Lees hier de disclaimer en de beperkte aansprakelijkheid van Praktijk Rise Rooted.\" \/>\n<meta name=\"robots\" content=\"index, follow, max-snippet:-1, max-image-preview:large, max-video-preview:-1\" \/>\n<link rel=\"canonical\" href=\"https:\/\/riserooted.nl\/de\/disclaimer\/\" \/>\n<meta property=\"og:locale\" content=\"de_DE\" \/>\n<meta property=\"og:type\" content=\"article\" \/>\n<meta property=\"og:title\" content=\"Praktijk Rise Rooted | Disclaimer\" \/>\n<meta property=\"og:description\" content=\"Lees hier de disclaimer en de beperkte aansprakelijkheid van Praktijk Rise Rooted.\" \/>\n<meta property=\"og:url\" content=\"https:\/\/riserooted.nl\/de\/disclaimer\/\" \/>\n<meta property=\"og:site_name\" content=\"Rise Rooted - Lichaamsgerichte Therapie Groningen\" \/>\n<meta property=\"article:publisher\" content=\"https:\/\/www.facebook.com\/profile.php?id=61555201061704\" \/>\n<meta property=\"article:modified_time\" content=\"2024-01-24T08:23:11+00:00\" \/>\n<meta property=\"og:image\" content=\"https:\/\/riserooted.nl\/wp-content\/uploads\/2023\/10\/442a4638-fa48-4e5b-bafd-9e5393ec30db-scaled.jpg\" \/>\n\t<meta property=\"og:image:width\" content=\"2560\" \/>\n\t<meta property=\"og:image:height\" content=\"1705\" \/>\n\t<meta property=\"og:image:type\" content=\"image\/jpeg\" \/>\n<meta name=\"twitter:card\" content=\"summary_large_image\" \/>\n<meta name=\"twitter:label1\" content=\"Gesch\u00e4tzte Lesezeit\" \/>\n\t<meta name=\"twitter:data1\" content=\"2\u00a0Minuten\" \/>\n<script type=\"application\/ld+json\" class=\"yoast-schema-graph\">{\"@context\":\"https:\\\/\\\/schema.org\",\"@graph\":[{\"@type\":\"WebPage\",\"@id\":\"https:\\\/\\\/riserooted.nl\\\/disclaimer\\\/\",\"url\":\"https:\\\/\\\/riserooted.nl\\\/disclaimer\\\/\",\"name\":\"Praktijk Rise Rooted | Disclaimer\",\"isPartOf\":{\"@id\":\"https:\\\/\\\/riserooted.nl\\\/#website\"},\"datePublished\":\"2023-12-10T08:57:07+00:00\",\"dateModified\":\"2024-01-24T08:23:11+00:00\",\"description\":\"Lees hier de disclaimer en de beperkte aansprakelijkheid van Praktijk Rise Rooted.\",\"breadcrumb\":{\"@id\":\"https:\\\/\\\/riserooted.nl\\\/disclaimer\\\/#breadcrumb\"},\"inLanguage\":\"de\",\"potentialAction\":[{\"@type\":\"ReadAction\",\"target\":[\"https:\\\/\\\/riserooted.nl\\\/disclaimer\\\/\"]}]},{\"@type\":\"BreadcrumbList\",\"@id\":\"https:\\\/\\\/riserooted.nl\\\/disclaimer\\\/#breadcrumb\",\"itemListElement\":[{\"@type\":\"ListItem\",\"position\":1,\"name\":\"Home\",\"item\":\"https:\\\/\\\/riserooted.nl\\\/\"},{\"@type\":\"ListItem\",\"position\":2,\"name\":\"Disclaimer\"}]},{\"@type\":\"WebSite\",\"@id\":\"https:\\\/\\\/riserooted.nl\\\/#website\",\"url\":\"https:\\\/\\\/riserooted.nl\\\/\",\"name\":\"Rise Rooted\",\"description\":\"Thuiskomen In Je Lichaam\",\"publisher\":{\"@id\":\"https:\\\/\\\/riserooted.nl\\\/#organization\"},\"potentialAction\":[{\"@type\":\"SearchAction\",\"target\":{\"@type\":\"EntryPoint\",\"urlTemplate\":\"https:\\\/\\\/riserooted.nl\\\/?s={search_term_string}\"},\"query-input\":{\"@type\":\"PropertyValueSpecification\",\"valueRequired\":true,\"valueName\":\"search_term_string\"}}],\"inLanguage\":\"de\"},{\"@type\":\"Organization\",\"@id\":\"https:\\\/\\\/riserooted.nl\\\/#organization\",\"name\":\"Praktijk Rise Rooted\",\"url\":\"https:\\\/\\\/riserooted.nl\\\/\",\"logo\":{\"@type\":\"ImageObject\",\"inLanguage\":\"de\",\"@id\":\"https:\\\/\\\/riserooted.nl\\\/#\\\/schema\\\/logo\\\/image\\\/\",\"url\":\"https:\\\/\\\/riserooted.nl\\\/wp-content\\\/uploads\\\/2024\\\/01\\\/logo-nl.png\",\"contentUrl\":\"https:\\\/\\\/riserooted.nl\\\/wp-content\\\/uploads\\\/2024\\\/01\\\/logo-nl.png\",\"width\":1396,\"height\":1126,\"caption\":\"Praktijk Rise Rooted\"},\"image\":{\"@id\":\"https:\\\/\\\/riserooted.nl\\\/#\\\/schema\\\/logo\\\/image\\\/\"},\"sameAs\":[\"https:\\\/\\\/www.facebook.com\\\/profile.php?id=61555201061704\",\"https:\\\/\\\/www.linkedin.com\\\/in\\\/miriam-terbonssen-04b556217\\\/\",\"https:\\\/\\\/www.instagram.com\\\/riserooted.nl\\\/\"]}]}<\/script>\n<!-- \/ Yoast SEO plugin. -->","yoast_head_json":{"title":"Praktijk Rise Rooted | Disclaimer","description":"Lees hier de disclaimer en de beperkte aansprakelijkheid van Praktijk Rise Rooted.","robots":{"index":"index","follow":"follow","max-snippet":"max-snippet:-1","max-image-preview":"max-image-preview:large","max-video-preview":"max-video-preview:-1"},"canonical":"https:\/\/riserooted.nl\/de\/disclaimer\/","og_locale":"de_DE","og_type":"article","og_title":"Praktijk Rise Rooted | Disclaimer","og_description":"Lees hier de disclaimer en de beperkte aansprakelijkheid van Praktijk Rise Rooted.","og_url":"https:\/\/riserooted.nl\/de\/disclaimer\/","og_site_name":"Rise Rooted - Lichaamsgerichte Therapie Groningen","article_publisher":"https:\/\/www.facebook.com\/profile.php?id=61555201061704","article_modified_time":"2024-01-24T08:23:11+00:00","og_image":[{"width":2560,"height":1705,"url":"https:\/\/riserooted.nl\/wp-content\/uploads\/2023\/10\/442a4638-fa48-4e5b-bafd-9e5393ec30db-scaled.jpg","type":"image\/jpeg"}],"twitter_card":"summary_large_image","twitter_misc":{"Gesch\u00e4tzte Lesezeit":"2\u00a0Minuten"},"schema":{"@context":"https:\/\/schema.org","@graph":[{"@type":"WebPage","@id":"https:\/\/riserooted.nl\/disclaimer\/","url":"https:\/\/riserooted.nl\/disclaimer\/","name":"Praktijk Rise Rooted | Disclaimer","isPartOf":{"@id":"https:\/\/riserooted.nl\/#website"},"datePublished":"2023-12-10T08:57:07+00:00","dateModified":"2024-01-24T08:23:11+00:00","description":"Lees hier de disclaimer en de beperkte aansprakelijkheid van Praktijk Rise Rooted.","breadcrumb":{"@id":"https:\/\/riserooted.nl\/disclaimer\/#breadcrumb"},"inLanguage":"de","potentialAction":[{"@type":"ReadAction","target":["https:\/\/riserooted.nl\/disclaimer\/"]}]},{"@type":"BreadcrumbList","@id":"https:\/\/riserooted.nl\/disclaimer\/#breadcrumb","itemListElement":[{"@type":"ListItem","position":1,"name":"Home","item":"https:\/\/riserooted.nl\/"},{"@type":"ListItem","position":2,"name":"Disclaimer"}]},{"@type":"WebSite","@id":"https:\/\/riserooted.nl\/#website","url":"https:\/\/riserooted.nl\/","name":"Rise Rooted","description":"Thuiskomen In Je Lichaam","publisher":{"@id":"https:\/\/riserooted.nl\/#organization"},"potentialAction":[{"@type":"SearchAction","target":{"@type":"EntryPoint","urlTemplate":"https:\/\/riserooted.nl\/?s={search_term_string}"},"query-input":{"@type":"PropertyValueSpecification","valueRequired":true,"valueName":"search_term_string"}}],"inLanguage":"de"},{"@type":"Organization","@id":"https:\/\/riserooted.nl\/#organization","name":"Praktijk Rise Rooted","url":"https:\/\/riserooted.nl\/","logo":{"@type":"ImageObject","inLanguage":"de","@id":"https:\/\/riserooted.nl\/#\/schema\/logo\/image\/","url":"https:\/\/riserooted.nl\/wp-content\/uploads\/2024\/01\/logo-nl.png","contentUrl":"https:\/\/riserooted.nl\/wp-content\/uploads\/2024\/01\/logo-nl.png","width":1396,"height":1126,"caption":"Praktijk Rise Rooted"},"image":{"@id":"https:\/\/riserooted.nl\/#\/schema\/logo\/image\/"},"sameAs":["https:\/\/www.facebook.com\/profile.php?id=61555201061704","https:\/\/www.linkedin.com\/in\/miriam-terbonssen-04b556217\/","https:\/\/www.instagram.com\/riserooted.nl\/"]}]}},"_links":{"self":[{"href":"https:\/\/riserooted.nl\/de\/wp-json\/wp\/v2\/pages\/4371","targetHints":{"allow":["GET"]}}],"collection":[{"href":"https:\/\/riserooted.nl\/de\/wp-json\/wp\/v2\/pages"}],"about":[{"href":"https:\/\/riserooted.nl\/de\/wp-json\/wp\/v2\/types\/page"}],"author":[{"embeddable":true,"href":"https:\/\/riserooted.nl\/de\/wp-json\/wp\/v2\/users\/1"}],"replies":[{"embeddable":true,"href":"https:\/\/riserooted.nl\/de\/wp-json\/wp\/v2\/comments?post=4371"}],"version-history":[{"count":13,"href":"https:\/\/riserooted.nl\/de\/wp-json\/wp\/v2\/pages\/4371\/revisions"}],"predecessor-version":[{"id":4526,"href":"https:\/\/riserooted.nl\/de\/wp-json\/wp\/v2\/pages\/4371\/revisions\/4526"}],"wp:attachment":[{"href":"https:\/\/riserooted.nl\/de\/wp-json\/wp\/v2\/media?parent=4371"}],"curies":[{"name":"wp","href":"https:\/\/api.w.org\/{rel}","templated":true}]}}