{"id":4372,"date":"2023-12-10T09:57:07","date_gmt":"2023-12-10T08:57:07","guid":{"rendered":"https:\/\/riserooted.nl\/?page_id=4372"},"modified":"2024-09-12T13:56:05","modified_gmt":"2024-09-12T11:56:05","slug":"privacybeleid","status":"publish","type":"page","link":"https:\/\/riserooted.nl\/de\/privacybeleid\/","title":{"rendered":"Datenschutz"},"content":{"rendered":"<div data-elementor-type=\"wp-page\" data-elementor-id=\"4372\" class=\"elementor elementor-4372\">\n\t\t\t\t<div class=\"elementor-element elementor-element-58cc31e e-flex e-con-boxed e-con e-parent\" data-id=\"58cc31e\" data-element_type=\"container\" data-e-type=\"container\">\n\t\t\t\t\t<div class=\"e-con-inner\">\n\t\t\t\t<div class=\"elementor-element elementor-element-c5be3ef elementor-widget elementor-widget-heading\" data-id=\"c5be3ef\" data-element_type=\"widget\" data-e-type=\"widget\" data-widget_type=\"heading.default\">\n\t\t\t\t<div class=\"elementor-widget-container\">\n\t\t\t\t\t<h2 class=\"elementor-heading-title elementor-size-default\">Datenschutz<\/h2>\t\t\t\t<\/div>\n\t\t\t\t<\/div>\n\t\t\t\t<div class=\"elementor-element elementor-element-91fc2ca elementor-widget elementor-widget-text-editor\" data-id=\"91fc2ca\" data-element_type=\"widget\" data-e-type=\"widget\" data-widget_type=\"text-editor.default\">\n\t\t\t\t<div class=\"elementor-widget-container\">\n\t\t\t\t\t\t\t\t\t<p class=\" translation-block\">Miriam Terbon\u00dfen, handelnd unter dem Firmennamen Praktijk Rise Rooted, im Folgenden \"Praktijk Rise Rooted\" oder \"ich\" genannt, verpflichtet sich, personenbezogene Daten angemessen zu sch\u00fctzen und Sie so gut wie m\u00f6glich zu informieren. Diese Datenschutzerkl\u00e4rung erl\u00e4utert, wie Praktijk Rise Rooted mit der Verarbeitung Ihrer personenbezogenen Daten umgeht.<\/p><p>In dieser Datenschutzerkl\u00e4rung k\u00f6nnen Sie nachlesen, welche Rechte Sie bei der Verarbeitung Ihrer personenbezogenen Daten haben. Ich empfehle Ihnen, diese Datenschutzerkl\u00e4rung sorgf\u00e4ltig zu lesen. Wenn Sie Fragen haben, k\u00f6nnen Sie sich jederzeit an info@riserooted.nl wenden.<\/p>\t\t\t\t\t\t\t\t<\/div>\n\t\t\t\t<\/div>\n\t\t\t\t<div class=\"elementor-element elementor-element-ea76c08 elementor-widget elementor-widget-heading\" data-id=\"ea76c08\" data-element_type=\"widget\" data-e-type=\"widget\" data-widget_type=\"heading.default\">\n\t\t\t\t<div class=\"elementor-widget-container\">\n\t\t\t\t\t<h2 class=\"elementor-heading-title elementor-size-default\">Daten Praktijk Rise Rooted<\/h2>\t\t\t\t<\/div>\n\t\t\t\t<\/div>\n\t\t\t\t<div class=\"elementor-element elementor-element-648e975 elementor-widget elementor-widget-text-editor\" data-id=\"648e975\" data-element_type=\"widget\" data-e-type=\"widget\" data-widget_type=\"text-editor.default\">\n\t\t\t\t<div class=\"elementor-widget-container\">\n\t\t\t\t\t\t\t\t\t<p class=\" translation-block\">Practijk Rise Rooted ist als Einzelunternehmen bei der Handelskammer Groningen eingetragen\nunter der Nummer 76555569 registriert. Die Adresse lautet Moesstraat 20 (9717 JT) in Groningen. Die Datenschutzbeauftragte und gleichzeitig Inhaberin ist Miriam Terbon\u00dfen, erreichbar unter info@riserooted.nl.<\/p>\t\t\t\t\t\t\t\t<\/div>\n\t\t\t\t<\/div>\n\t\t\t\t<div class=\"elementor-element elementor-element-a75e778 elementor-widget elementor-widget-heading\" data-id=\"a75e778\" data-element_type=\"widget\" data-e-type=\"widget\" data-widget_type=\"heading.default\">\n\t\t\t\t<div class=\"elementor-widget-container\">\n\t\t\t\t\t<h2 class=\"elementor-heading-title elementor-size-default\">Wie werden Ihre Daten von Praktijk Rise Rooted verwendet?<\/h2>\t\t\t\t<\/div>\n\t\t\t\t<\/div>\n\t\t\t\t<div class=\"elementor-element elementor-element-d7f07ca elementor-widget elementor-widget-text-editor\" data-id=\"d7f07ca\" data-element_type=\"widget\" data-e-type=\"widget\" data-widget_type=\"text-editor.default\">\n\t\t\t\t<div class=\"elementor-widget-container\">\n\t\t\t\t\t\t\t\t\t<p>Praktijk Rise Rooted verarbeitet personenbezogene Daten von 2 verschiedenen Gruppen: Website-Besucher und Klienten.<\/p>\t\t\t\t\t\t\t\t<\/div>\n\t\t\t\t<\/div>\n\t\t\t\t<div class=\"elementor-element elementor-element-621331d elementor-widget elementor-widget-heading\" data-id=\"621331d\" data-element_type=\"widget\" data-e-type=\"widget\" data-widget_type=\"heading.default\">\n\t\t\t\t<div class=\"elementor-widget-container\">\n\t\t\t\t\t<h2 class=\"elementor-heading-title elementor-size-default\">Verarbeitung der Daten von Website-Besuchern<\/h2>\t\t\t\t<\/div>\n\t\t\t\t<\/div>\n\t\t\t\t<div class=\"elementor-element elementor-element-93d5aab elementor-widget elementor-widget-text-editor\" data-id=\"93d5aab\" data-element_type=\"widget\" data-e-type=\"widget\" data-widget_type=\"text-editor.default\">\n\t\t\t\t<div class=\"elementor-widget-container\">\n\t\t\t\t\t\t\t\t\t<p>Website-Besucher sind nat\u00fcrliche Personen, die die Website www.riserooted.nl und die damit verbundenen Seiten besuchen. Zu den Daten, die bei einer Kontaktaufnahme mit mir auf meiner Website gespeichert werden, k\u00f6nnen geh\u00f6ren: Ihr Name, Ihre E-Mail-Adresse. Ich verarbeite die personenbezogenen Daten der Website-Besucher, um Anfragen zu beantworten, Sie nach einer Anfrage telefonisch zu kontaktieren oder einen Termin zu vereinbaren.\u00a0<\/p><p>Anonyme Daten werden auch f\u00fcr Website-Statistiken \u00fcber das Surfverhalten gesammelt.<\/p>\t\t\t\t\t\t\t\t<\/div>\n\t\t\t\t<\/div>\n\t\t\t\t<div class=\"elementor-element elementor-element-caa18b4 elementor-widget elementor-widget-heading\" data-id=\"caa18b4\" data-element_type=\"widget\" data-e-type=\"widget\" data-widget_type=\"heading.default\">\n\t\t\t\t<div class=\"elementor-widget-container\">\n\t\t\t\t\t<h2 class=\"elementor-heading-title elementor-size-default\">Cookies<\/h2>\t\t\t\t<\/div>\n\t\t\t\t<\/div>\n\t\t\t\t<div class=\"elementor-element elementor-element-c576171 elementor-widget elementor-widget-text-editor\" data-id=\"c576171\" data-element_type=\"widget\" data-e-type=\"widget\" data-widget_type=\"text-editor.default\">\n\t\t\t\t<div class=\"elementor-widget-container\">\n\t\t\t\t\t\t\t\t\t<p>Cookies sind kleine (Text-)Informationen, die an Ihren Browser gesendet werden, wenn Sie die Website www.riserooted.nl besuchen, und die dann auf der Festplatte oder im Speicher Ihres Computers, Tablets, Mobiltelefons oder anderen Ger\u00e4ts gespeichert werden. Die \u00fcber die Website platzierten Cookies k\u00f6nnen Ihr Ger\u00e4t oder die darauf gespeicherten Dateien nicht besch\u00e4digen. Die verwendeten Cookies sind f\u00fcr das technische Funktionieren der Website und Ihre Benutzerfreundlichkeit notwendig. Sie sorgen daf\u00fcr, dass die Website ordnungsgem\u00e4\u00df funktioniert und merken sich beispielsweise Ihre Pr\u00e4ferenzen. Sie erm\u00f6glichen es mir auch, die Website zu optimieren. Sie k\u00f6nnen die Verwendung von Cookies ablehnen, indem Sie Ihren Internetbrowser so einstellen, dass keine Cookies mehr gespeichert werden. Sie k\u00f6nnen auch alle zuvor gespeicherten Informationen \u00fcber Ihre Browsereinstellungen l\u00f6schen.<\/p>\t\t\t\t\t\t\t\t<\/div>\n\t\t\t\t<\/div>\n\t\t\t\t<div class=\"elementor-element elementor-element-6b6dc4f elementor-widget elementor-widget-heading\" data-id=\"6b6dc4f\" data-element_type=\"widget\" data-e-type=\"widget\" data-widget_type=\"heading.default\">\n\t\t\t\t<div class=\"elementor-widget-container\">\n\t\t\t\t\t<h2 class=\"elementor-heading-title elementor-size-default\">Verarbeitung von Klientendaten<\/h2>\t\t\t\t<\/div>\n\t\t\t\t<\/div>\n\t\t\t\t<div class=\"elementor-element elementor-element-6c4b0cf elementor-widget elementor-widget-text-editor\" data-id=\"6c4b0cf\" data-element_type=\"widget\" data-e-type=\"widget\" data-widget_type=\"text-editor.default\">\n\t\t\t\t<div class=\"elementor-widget-container\">\n\t\t\t\t\t\t\t\t\t<p>Voor een goede behandeling is het noodzakelijk dat ik, als je behandelend therapeut, een dossier met jouw gegevens aanleg. Dit is ook wettelijke plicht opgelegd door de WGBO. Je dossier bevat aantekeningen over je gezondheidstoestand, je\u00a0 persoonlijke gegevens als naam, adres, e.d., en gegevens over uitgevoerde onderzoeken en behandelingen.<\/p><p>Ebenfalls in der Datei enthalten sind die f\u00fcr Ihre Behandlung notwendigen Daten, die ich nach Ihrer ausdr\u00fccklichen Zustimmung bei einem anderen Gesundheitsdienstleister, z. B. dem Hausarzt, angefordert habe.<\/p><p><span style=\"font-size: inherit; text-align: inherit; background-color: var(--theme-palette-color-7); color: var(--theme-text-color); font-family: var(--theme-font-family); font-style: var(--theme-font-style, inherit); font-weight: var(--theme-font-weight); letter-spacing: var(--theme-letter-spacing); text-transform: var(--theme-text-transform);\">Ik doe mijn uiterste best om je privacy te waarborgen. Dit betekent dat onder meer dat ik:<\/span><\/p><ul><li>zorgvuldig om ga met jouw persoonlijke en medische gegevens: deze bewaar ik in een beveiligd systeem<\/li><li>er voor zorg dat onbevoegden geen toegang hebben tot je gegevens. Als je behandelend therapeut ben ik de enige die toegang heeft tot de gegevens in je dossier. Ik ben gebonden aan de wettelijke geheimhoudingsplicht (beroepsgeheim)<\/li><\/ul><p>Die Daten in Ihrer Datei k\u00f6nnen auch f\u00fcr folgende Zwecke verwendet werden:<\/p><ul><li>Om andere zorgverleners te informeren, bijvoorbeeld bij verwijzing naar een andere behandelaar. Dit gebeurt alleen met je expliciete schriftelijke toestemming<\/li><li>F\u00fcr den Gebrauch von einer vertretenden Therapeutin\/einem vertretenden Therapeut, w\u00e4hrend Abwesenheit<\/li><li>Voor het genanonimiseerd gebruik tijdens intervisie of supervisie met collega&#8217;s<\/li><li>Een klein deel van de gegevens uit je dossier wordt gebruikt voor de financi\u00eble administratie, zodat ik of mijn administrateur een factuur\/zorgnota kan opstellen. Dit houdt vaak in: naam, adres, woonplaats, geboortedatum, datum van behandeling, korte omschrijving (zoals &#8216;psychosociaal consult&#8217;), kosten van het consult<\/li><\/ul><div>Wenn ich Ihre Daten f\u00fcr einen anderen Zweck verwenden m\u00f6chte, werde ich Sie zun\u00e4chst informieren und ausdr\u00fccklich um Ihre schriftliche Zustimmung bitten.<\/div><div>\u00a0<\/div><p>Die Daten in der Klientendatei werden 20 Jahre lang aufbewahrt, wie es das Gesetz \u00fcber den Behandlungsvertrag vorschreibt.\u00a0<\/p>\t\t\t\t\t\t\t\t<\/div>\n\t\t\t\t<\/div>\n\t\t\t\t<div class=\"elementor-element elementor-element-9afee08 elementor-widget elementor-widget-heading\" data-id=\"9afee08\" data-element_type=\"widget\" data-e-type=\"widget\" data-widget_type=\"heading.default\">\n\t\t\t\t<div class=\"elementor-widget-container\">\n\t\t\t\t\t<h2 class=\"elementor-heading-title elementor-size-default\">Daten einsehen, \u00e4ndern oder l\u00f6schen<\/h2>\t\t\t\t<\/div>\n\t\t\t\t<\/div>\n\t\t\t\t<div class=\"elementor-element elementor-element-112558f elementor-widget elementor-widget-text-editor\" data-id=\"112558f\" data-element_type=\"widget\" data-e-type=\"widget\" data-widget_type=\"text-editor.default\">\n\t\t\t\t<div class=\"elementor-widget-container\">\n\t\t\t\t\t\t\t\t\t<p>Sie haben das Recht, Ihre pers\u00f6nlichen Daten einzusehen und zu korrigieren. Da ich mich an das Gesetz \u00fcber die \u00e4rztliche Behandlungsvereinbarung (WGBO) halten muss und eine Aufbewahrungspflicht habe, k\u00f6nnen Ihre medizinischen Unterlagen nicht ohne Weiteres gel\u00f6scht werden.\u00a0<\/p><p class=\" translation-block\">Dar\u00fcber hinaus haben Sie das Recht, Ihre etwaige Zustimmung zur Datenverarbeitung zu widerrufen oder der Verarbeitung Ihrer personenbezogenen Daten zu widersprechen.<\/p><p class=\" translation-block\">Und Sie haben das Recht auf Daten\u00fcbertragbarkeit. Das bedeutet, dass Sie beantragen k\u00f6nnen, dass die personenbezogenen Daten, die ich \u00fcber Sie in einer Computerdatei gespeichert habe, an Sie oder eine andere von Ihnen benannte Organisation \u00fcbermittelt werden.<\/p><p class=\" translation-block\">Sie k\u00f6nnen einen Antrag auf Einsichtnahme, Berichtigung, \u00dcbertragung Ihrer personenbezogenen Daten oder auf Widerruf Ihrer Einwilligung oder Widerspruch gegen die Verarbeitung Ihrer personenbezogenen Daten an info@riserooted.nl richten.<\/p>\t\t\t\t\t\t\t\t<\/div>\n\t\t\t\t<\/div>\n\t\t\t\t<div class=\"elementor-element elementor-element-0ec9649 elementor-widget elementor-widget-heading\" data-id=\"0ec9649\" data-element_type=\"widget\" data-e-type=\"widget\" data-widget_type=\"heading.default\">\n\t\t\t\t<div class=\"elementor-widget-container\">\n\t\t\t\t\t<h2 class=\"elementor-heading-title elementor-size-default\">Fragen oder Beschwerden<\/h2>\t\t\t\t<\/div>\n\t\t\t\t<\/div>\n\t\t\t\t<div class=\"elementor-element elementor-element-d99b3ba elementor-widget elementor-widget-text-editor\" data-id=\"d99b3ba\" data-element_type=\"widget\" data-e-type=\"widget\" data-widget_type=\"text-editor.default\">\n\t\t\t\t<div class=\"elementor-widget-container\">\n\t\t\t\t\t\t\t\t\t<p>Sollten Sie weitere Fragen haben oder sich \u00fcber diese Datenschutzerkl\u00e4rung und die Verwendung Ihrer Daten durch Praktijk Rise Rooted beschweren wollen, senden Sie bitte eine E-Mail an info@riserooted.nl.<\/p><p class=\" translation-block\">Dar\u00fcber hinaus k\u00f6nnen Sie sich jederzeit an die zust\u00e4ndige nationale Datenschutzbeh\u00f6rde wenden. In den Niederlanden ist dies die Beh\u00f6rde \"Autoriteit Persoonsgegevens\".<\/p>\t\t\t\t\t\t\t\t<\/div>\n\t\t\t\t<\/div>\n\t\t\t\t\t<\/div>\n\t\t\t\t<\/div>\n\t\t\t\t<\/div>","protected":false},"excerpt":{"rendered":"<p>Privacybeleid Miriam Terbon\u00dfen, handelend onder bedrijfsnaam Praktijk Rise Rooted, hierna te noemen &#8220;Praktijk Rise Rooted&#8221; of \u201cik\u201d, hecht waarde aan een goede bescherming van persoonsgegevens en om jou hier zo goed mogelijk over te informeren. In deze Privacyverklaring wordt uitgelegd hoePraktijk Rise Rooted omgaat met de verwerking van jouw persoonsgegevens. In deze Privacyverklaring kun je [&hellip;]<\/p>\n","protected":false},"author":1,"featured_media":0,"parent":0,"menu_order":0,"comment_status":"closed","ping_status":"closed","template":"elementor_header_footer","meta":{"footnotes":""},"class_list":["post-4372","page","type-page","status-publish","hentry"],"blocksy_meta":[],"yoast_head":"<!-- This site is optimized with the Yoast SEO plugin v27.4 - https:\/\/yoast.com\/product\/yoast-seo-wordpress\/ -->\n<title>Praktijk Rise Rooted | Privacybeleid<\/title>\n<meta name=\"description\" content=\"Praktijk Rise Rooted hecht waarde aan een goede bescherming van persoonsgegevens en om jou hier zo goed mogelijk over te informeren.\" \/>\n<meta name=\"robots\" content=\"index, follow, max-snippet:-1, max-image-preview:large, max-video-preview:-1\" \/>\n<link rel=\"canonical\" href=\"https:\/\/riserooted.nl\/de\/privacybeleid\/\" \/>\n<meta property=\"og:locale\" content=\"de_DE\" \/>\n<meta property=\"og:type\" content=\"article\" \/>\n<meta property=\"og:title\" content=\"Praktijk Rise Rooted | Privacybeleid\" \/>\n<meta property=\"og:description\" content=\"Praktijk Rise Rooted hecht waarde aan een goede bescherming van persoonsgegevens en om jou hier zo goed mogelijk over te informeren.\" \/>\n<meta property=\"og:url\" content=\"https:\/\/riserooted.nl\/de\/privacybeleid\/\" \/>\n<meta property=\"og:site_name\" content=\"Rise Rooted - Lichaamsgerichte Therapie Groningen\" \/>\n<meta property=\"article:publisher\" content=\"https:\/\/www.facebook.com\/profile.php?id=61555201061704\" \/>\n<meta property=\"article:modified_time\" content=\"2024-09-12T11:56:05+00:00\" \/>\n<meta property=\"og:image\" content=\"https:\/\/riserooted.nl\/wp-content\/uploads\/2023\/10\/442a4638-fa48-4e5b-bafd-9e5393ec30db-scaled.jpg\" \/>\n\t<meta property=\"og:image:width\" content=\"2560\" \/>\n\t<meta property=\"og:image:height\" content=\"1705\" \/>\n\t<meta property=\"og:image:type\" content=\"image\/jpeg\" \/>\n<meta name=\"twitter:card\" content=\"summary_large_image\" \/>\n<meta name=\"twitter:label1\" content=\"Gesch\u00e4tzte Lesezeit\" \/>\n\t<meta name=\"twitter:data1\" content=\"5\u00a0Minuten\" \/>\n<script type=\"application\/ld+json\" class=\"yoast-schema-graph\">{\"@context\":\"https:\\\/\\\/schema.org\",\"@graph\":[{\"@type\":\"WebPage\",\"@id\":\"https:\\\/\\\/riserooted.nl\\\/privacybeleid\\\/\",\"url\":\"https:\\\/\\\/riserooted.nl\\\/privacybeleid\\\/\",\"name\":\"Praktijk Rise Rooted | Privacybeleid\",\"isPartOf\":{\"@id\":\"https:\\\/\\\/riserooted.nl\\\/#website\"},\"datePublished\":\"2023-12-10T08:57:07+00:00\",\"dateModified\":\"2024-09-12T11:56:05+00:00\",\"description\":\"Praktijk Rise Rooted hecht waarde aan een goede bescherming van persoonsgegevens en om jou hier zo goed mogelijk over te informeren.\",\"breadcrumb\":{\"@id\":\"https:\\\/\\\/riserooted.nl\\\/privacybeleid\\\/#breadcrumb\"},\"inLanguage\":\"de\",\"potentialAction\":[{\"@type\":\"ReadAction\",\"target\":[\"https:\\\/\\\/riserooted.nl\\\/privacybeleid\\\/\"]}]},{\"@type\":\"BreadcrumbList\",\"@id\":\"https:\\\/\\\/riserooted.nl\\\/privacybeleid\\\/#breadcrumb\",\"itemListElement\":[{\"@type\":\"ListItem\",\"position\":1,\"name\":\"Home\",\"item\":\"https:\\\/\\\/riserooted.nl\\\/\"},{\"@type\":\"ListItem\",\"position\":2,\"name\":\"Privacybeleid\"}]},{\"@type\":\"WebSite\",\"@id\":\"https:\\\/\\\/riserooted.nl\\\/#website\",\"url\":\"https:\\\/\\\/riserooted.nl\\\/\",\"name\":\"Rise Rooted\",\"description\":\"Thuiskomen In Je Lichaam\",\"publisher\":{\"@id\":\"https:\\\/\\\/riserooted.nl\\\/#organization\"},\"potentialAction\":[{\"@type\":\"SearchAction\",\"target\":{\"@type\":\"EntryPoint\",\"urlTemplate\":\"https:\\\/\\\/riserooted.nl\\\/?s={search_term_string}\"},\"query-input\":{\"@type\":\"PropertyValueSpecification\",\"valueRequired\":true,\"valueName\":\"search_term_string\"}}],\"inLanguage\":\"de\"},{\"@type\":\"Organization\",\"@id\":\"https:\\\/\\\/riserooted.nl\\\/#organization\",\"name\":\"Praktijk Rise Rooted\",\"url\":\"https:\\\/\\\/riserooted.nl\\\/\",\"logo\":{\"@type\":\"ImageObject\",\"inLanguage\":\"de\",\"@id\":\"https:\\\/\\\/riserooted.nl\\\/#\\\/schema\\\/logo\\\/image\\\/\",\"url\":\"https:\\\/\\\/riserooted.nl\\\/wp-content\\\/uploads\\\/2024\\\/01\\\/logo-nl.png\",\"contentUrl\":\"https:\\\/\\\/riserooted.nl\\\/wp-content\\\/uploads\\\/2024\\\/01\\\/logo-nl.png\",\"width\":1396,\"height\":1126,\"caption\":\"Praktijk Rise Rooted\"},\"image\":{\"@id\":\"https:\\\/\\\/riserooted.nl\\\/#\\\/schema\\\/logo\\\/image\\\/\"},\"sameAs\":[\"https:\\\/\\\/www.facebook.com\\\/profile.php?id=61555201061704\",\"https:\\\/\\\/www.linkedin.com\\\/in\\\/miriam-terbonssen-04b556217\\\/\",\"https:\\\/\\\/www.instagram.com\\\/riserooted.nl\\\/\"]}]}<\/script>\n<!-- \/ Yoast SEO plugin. -->","yoast_head_json":{"title":"Praktijk Rise Rooted | Privacybeleid","description":"Praktijk Rise Rooted hecht waarde aan een goede bescherming van persoonsgegevens en om jou hier zo goed mogelijk over te informeren.","robots":{"index":"index","follow":"follow","max-snippet":"max-snippet:-1","max-image-preview":"max-image-preview:large","max-video-preview":"max-video-preview:-1"},"canonical":"https:\/\/riserooted.nl\/de\/privacybeleid\/","og_locale":"de_DE","og_type":"article","og_title":"Praktijk Rise Rooted | Privacybeleid","og_description":"Praktijk Rise Rooted hecht waarde aan een goede bescherming van persoonsgegevens en om jou hier zo goed mogelijk over te informeren.","og_url":"https:\/\/riserooted.nl\/de\/privacybeleid\/","og_site_name":"Rise Rooted - Lichaamsgerichte Therapie Groningen","article_publisher":"https:\/\/www.facebook.com\/profile.php?id=61555201061704","article_modified_time":"2024-09-12T11:56:05+00:00","og_image":[{"width":2560,"height":1705,"url":"https:\/\/riserooted.nl\/wp-content\/uploads\/2023\/10\/442a4638-fa48-4e5b-bafd-9e5393ec30db-scaled.jpg","type":"image\/jpeg"}],"twitter_card":"summary_large_image","twitter_misc":{"Gesch\u00e4tzte Lesezeit":"5\u00a0Minuten"},"schema":{"@context":"https:\/\/schema.org","@graph":[{"@type":"WebPage","@id":"https:\/\/riserooted.nl\/privacybeleid\/","url":"https:\/\/riserooted.nl\/privacybeleid\/","name":"Praktijk Rise Rooted | Privacybeleid","isPartOf":{"@id":"https:\/\/riserooted.nl\/#website"},"datePublished":"2023-12-10T08:57:07+00:00","dateModified":"2024-09-12T11:56:05+00:00","description":"Praktijk Rise Rooted hecht waarde aan een goede bescherming van persoonsgegevens en om jou hier zo goed mogelijk over te informeren.","breadcrumb":{"@id":"https:\/\/riserooted.nl\/privacybeleid\/#breadcrumb"},"inLanguage":"de","potentialAction":[{"@type":"ReadAction","target":["https:\/\/riserooted.nl\/privacybeleid\/"]}]},{"@type":"BreadcrumbList","@id":"https:\/\/riserooted.nl\/privacybeleid\/#breadcrumb","itemListElement":[{"@type":"ListItem","position":1,"name":"Home","item":"https:\/\/riserooted.nl\/"},{"@type":"ListItem","position":2,"name":"Privacybeleid"}]},{"@type":"WebSite","@id":"https:\/\/riserooted.nl\/#website","url":"https:\/\/riserooted.nl\/","name":"Rise Rooted","description":"Thuiskomen In Je Lichaam","publisher":{"@id":"https:\/\/riserooted.nl\/#organization"},"potentialAction":[{"@type":"SearchAction","target":{"@type":"EntryPoint","urlTemplate":"https:\/\/riserooted.nl\/?s={search_term_string}"},"query-input":{"@type":"PropertyValueSpecification","valueRequired":true,"valueName":"search_term_string"}}],"inLanguage":"de"},{"@type":"Organization","@id":"https:\/\/riserooted.nl\/#organization","name":"Praktijk Rise Rooted","url":"https:\/\/riserooted.nl\/","logo":{"@type":"ImageObject","inLanguage":"de","@id":"https:\/\/riserooted.nl\/#\/schema\/logo\/image\/","url":"https:\/\/riserooted.nl\/wp-content\/uploads\/2024\/01\/logo-nl.png","contentUrl":"https:\/\/riserooted.nl\/wp-content\/uploads\/2024\/01\/logo-nl.png","width":1396,"height":1126,"caption":"Praktijk Rise Rooted"},"image":{"@id":"https:\/\/riserooted.nl\/#\/schema\/logo\/image\/"},"sameAs":["https:\/\/www.facebook.com\/profile.php?id=61555201061704","https:\/\/www.linkedin.com\/in\/miriam-terbonssen-04b556217\/","https:\/\/www.instagram.com\/riserooted.nl\/"]}]}},"_links":{"self":[{"href":"https:\/\/riserooted.nl\/de\/wp-json\/wp\/v2\/pages\/4372","targetHints":{"allow":["GET"]}}],"collection":[{"href":"https:\/\/riserooted.nl\/de\/wp-json\/wp\/v2\/pages"}],"about":[{"href":"https:\/\/riserooted.nl\/de\/wp-json\/wp\/v2\/types\/page"}],"author":[{"embeddable":true,"href":"https:\/\/riserooted.nl\/de\/wp-json\/wp\/v2\/users\/1"}],"replies":[{"embeddable":true,"href":"https:\/\/riserooted.nl\/de\/wp-json\/wp\/v2\/comments?post=4372"}],"version-history":[{"count":31,"href":"https:\/\/riserooted.nl\/de\/wp-json\/wp\/v2\/pages\/4372\/revisions"}],"predecessor-version":[{"id":5013,"href":"https:\/\/riserooted.nl\/de\/wp-json\/wp\/v2\/pages\/4372\/revisions\/5013"}],"wp:attachment":[{"href":"https:\/\/riserooted.nl\/de\/wp-json\/wp\/v2\/media?parent=4372"}],"curies":[{"name":"wp","href":"https:\/\/api.w.org\/{rel}","templated":true}]}}